{"id":127,"date":"2023-11-08T07:25:03","date_gmt":"2023-11-08T06:25:03","guid":{"rendered":"https:\/\/profitivisme.org\/?page_id=127"},"modified":"2023-11-08T07:40:35","modified_gmt":"2023-11-08T06:40:35","slug":"un-defi-face-a-ladversite","status":"publish","type":"page","link":"https:\/\/profitivisme.org\/index.php\/un-defi-face-a-ladversite\/","title":{"rendered":"Un D\u00e9fi face \u00e0 l&#8217;Adversit\u00e9"},"content":{"rendered":"\n<div class=\"wp-block-group is-layout-flow wp-block-group-is-layout-flow\">\n<div class=\"wp-block-columns is-layout-flex wp-container-core-columns-is-layout-e05d3243 wp-block-columns-is-layout-flex\" style=\"padding-top:0px;padding-right:0px;padding-bottom:0px;padding-left:0px\">\n<div class=\"wp-block-column is-layout-flow wp-block-column-is-layout-flow\">\n<div class=\"wp-block-group has-background is-layout-flow wp-block-group-is-layout-flow\" style=\"background-color:#fff6bf;padding-top:15%;padding-right:20%;padding-bottom:15%;padding-left:20%\">\n<p>Recevoir le diagnostic d\u2019un cancer ne vient que rarement seul. Cela chamboule souvent de mani\u00e8re radicale toute la vie priv\u00e9e et professionnelle du canc\u00e9reux. Suite \u00e0 \u00e7a et tr\u00e8s rapidement, la maladie, au travers des protocoles m\u00e9dicaux et des effets secondaires, prend le dessus et devient la seule facette qui r\u00e9git le quotidien du patient. Sans objectifs, contr\u00f4les des journ\u00e9es, r\u00eaves \u00e0 r\u00e9aliser, projets de vie\u2026 l\u2019envie d\u2019aller de l\u2019avant ou de s\u2019en sortir s\u2019amoindrit pour le patient qui se sent esseul\u00e9 et en marge de la soci\u00e9t\u00e9.<\/p>\n\n\n\n<p>Cette fatalit\u00e9, l\u2019ASBL PROFITIVISME veut la d\u00e9jouer et permettre aux jeunes canc\u00e9reux de se lever le matin avec un objectif de vie qui les \u201cdrive\u201d \u00e0 aller de l\u2019avant, \u00e0 trouver un rythme, une dynamique et une nouvelle hygi\u00e8ne de vie.<\/p>\n\n\n\n<p>L\u2019ASBL PROFITIVISME veut offrir un accompagnement aux adolescents et jeunes adultes (16-35 ans) au travers d\u2019un d\u00e9fi sportif choisi par les canc\u00e9reux et qui les motivent.&nbsp;<\/p>\n\n\n\n<p>L\u2019objectif du d\u00e9fi est:<\/p>\n\n\n\n<ul class=\"wp-block-list\">\n<li>d\u2019insuffler une nouvelle dynamique positive<\/li>\n\n\n\n<li>d\u2019avoir un projet de vie que le canc\u00e9reux contr\u00f4le<\/li>\n\n\n\n<li>d\u00e9velopper une hygi\u00e8ne de vie pour soutenir les traitements m\u00e9dicaux et les moments d\u00e9pressifs.<\/li>\n<\/ul>\n\n\n\n<p>L\u2019ASBL PROFITIVISME soutien le projet sous 4 facettes:<\/p>\n\n\n\n<ul class=\"wp-block-list\">\n<li>un parrain, membre de l\u2019ASBL, qui chaperonne le projet et soutient le participant(e).<\/li>\n\n\n\n<li>mise en relation avec un coach sportif tout au long du projet et jusqu&#8217;\u00e0 l&#8217;accomplissement du d\u00e9fi.<\/li>\n\n\n\n<li>soutien financier pour la logistique du d\u00e9fi (inscription, transport, logements, mat\u00e9riel\u2026)<\/li>\n\n\n\n<li>accompagnement mental par un coach, avant et apr\u00e8s le projet, pour se pr\u00e9parer au d\u00e9fi sportif et pour aider \u00e0 impl\u00e9menter la nouvelle dynamique positive \u00e0 d\u2019autres facettes de sa vie et assurer une consistance post-d\u00e9fi.<\/li>\n<\/ul>\n\n\n\n<p>Un trait important du programme est que les participants viennent de leur propre volont\u00e9 avec l\u2019envie d\u2019avancer et de transformer leur adversit\u00e9 en opportunit\u00e9. Ils\/Elles devront prendre conscience des valeurs de l\u2019ASBL et appliquer ses valeurs dans leur vie journali\u00e8re.&nbsp;<\/p>\n\n\n\n<div style=\"height:10px\" aria-hidden=\"true\" class=\"wp-block-spacer\"><\/div>\n<\/div>\n<\/div>\n\n\n\n<div class=\"wp-block-column is-style-no-spacing is-layout-flow wp-block-column-is-layout-flow\">\n<div class=\"wp-block-cover is-light is-vertically-stretched\"><span aria-hidden=\"true\" class=\"wp-block-cover__background has-background-dim-0 has-background-dim\"><\/span><img loading=\"lazy\" decoding=\"async\" width=\"2048\" height=\"2560\" class=\"wp-block-cover__image-background wp-image-136\" alt=\"\" src=\"https:\/\/profitivisme.org\/wp-content\/uploads\/2023\/11\/GOATS_DAY3_CP2-7-scaled.jpg\" style=\"object-position:72% 54%\" data-object-fit=\"cover\" data-object-position=\"72% 54%\" srcset=\"https:\/\/profitivisme.org\/wp-content\/uploads\/2023\/11\/GOATS_DAY3_CP2-7-scaled.jpg 2048w, https:\/\/profitivisme.org\/wp-content\/uploads\/2023\/11\/GOATS_DAY3_CP2-7-240x300.jpg 240w, https:\/\/profitivisme.org\/wp-content\/uploads\/2023\/11\/GOATS_DAY3_CP2-7-819x1024.jpg 819w, https:\/\/profitivisme.org\/wp-content\/uploads\/2023\/11\/GOATS_DAY3_CP2-7-768x960.jpg 768w, https:\/\/profitivisme.org\/wp-content\/uploads\/2023\/11\/GOATS_DAY3_CP2-7-1229x1536.jpg 1229w, https:\/\/profitivisme.org\/wp-content\/uploads\/2023\/11\/GOATS_DAY3_CP2-7-1638x2048.jpg 1638w, https:\/\/profitivisme.org\/wp-content\/uploads\/2023\/11\/GOATS_DAY3_CP2-7-1170x1463.jpg 1170w\" sizes=\"auto, (max-width: 2048px) 100vw, 2048px\" \/><div class=\"wp-block-cover__inner-container is-layout-flow wp-block-cover-is-layout-flow\">\n<p class=\"has-text-align-center has-large-font-size\"><\/p>\n<\/div><\/div>\n<\/div>\n<\/div>\n<\/div>\n","protected":false},"excerpt":{"rendered":"<p>Recevoir le diagnostic d\u2019un cancer ne vient que rarement seul. Cela chamboule souvent de mani\u00e8re radicale toute la vie priv\u00e9e et professionnelle du canc\u00e9reux. Suite \u00e0 \u00e7a et tr\u00e8s rapidement, [&hellip;]<\/p>\n","protected":false},"author":1,"featured_media":0,"parent":0,"menu_order":0,"comment_status":"closed","ping_status":"closed","template":"","meta":{"footnotes":""},"class_list":["post-127","page","type-page","status-publish","hentry"],"_links":{"self":[{"href":"https:\/\/profitivisme.org\/index.php\/wp-json\/wp\/v2\/pages\/127","targetHints":{"allow":["GET"]}}],"collection":[{"href":"https:\/\/profitivisme.org\/index.php\/wp-json\/wp\/v2\/pages"}],"about":[{"href":"https:\/\/profitivisme.org\/index.php\/wp-json\/wp\/v2\/types\/page"}],"author":[{"embeddable":true,"href":"https:\/\/profitivisme.org\/index.php\/wp-json\/wp\/v2\/users\/1"}],"replies":[{"embeddable":true,"href":"https:\/\/profitivisme.org\/index.php\/wp-json\/wp\/v2\/comments?post=127"}],"version-history":[{"count":2,"href":"https:\/\/profitivisme.org\/index.php\/wp-json\/wp\/v2\/pages\/127\/revisions"}],"predecessor-version":[{"id":144,"href":"https:\/\/profitivisme.org\/index.php\/wp-json\/wp\/v2\/pages\/127\/revisions\/144"}],"wp:attachment":[{"href":"https:\/\/profitivisme.org\/index.php\/wp-json\/wp\/v2\/media?parent=127"}],"curies":[{"name":"wp","href":"https:\/\/api.w.org\/{rel}","templated":true}]}}